{"id":2,"date":"2022-09-20T21:57:37","date_gmt":"2022-09-20T19:57:37","guid":{"rendered":"http:\/\/anneverwaerde.be\/?page_id=2"},"modified":"2023-09-19T19:06:14","modified_gmt":"2023-09-19T17:06:14","slug":"accueil","status":"publish","type":"page","link":"https:\/\/anneverwaerde.be\/","title":{"rendered":"Bienvenue"},"content":{"rendered":"\n<h3 class=\"wp-block-heading\"><strong>Les transitions au c\u0153ur de mon travail&nbsp;&#8211; devenir soi et ensemble changer le monde<\/strong><\/h3>\n\n\n\n<p>Dans la <strong>vie personnelle<\/strong> comme <strong>professionnelle<\/strong>, les moments de <strong>transition<\/strong> sont nombreux, rapides et permanents&nbsp;: s\u2019adapter \u00e0 son \u00e9cole secondaire, se pr\u00e9parer aux \u00e9tudes sup\u00e9rieures ou au travail, changer de m\u00e9tier ou envisager de le concevoir autrement, quitter la vie professionnelle, etc.<\/p>\n\n\n<div class=\"wp-block-image\">\n<figure class=\"aligncenter size-large is-resized\"><img loading=\"lazy\" decoding=\"async\" src=\"http:\/\/anneverwaerde.be\/wp-content\/uploads\/2022\/10\/pexels-dajana-reA\u00a7i-13350960-769x1024.jpg\" alt=\"\" class=\"wp-image-166\" style=\"width:336px;height:446px\" width=\"336\" height=\"446\" srcset=\"https:\/\/anneverwaerde.be\/wp-content\/uploads\/2022\/10\/pexels-dajana-reA\u00a7i-13350960-769x1024.jpg 769w, https:\/\/anneverwaerde.be\/wp-content\/uploads\/2022\/10\/pexels-dajana-reA\u00a7i-13350960-225x300.jpg 225w, https:\/\/anneverwaerde.be\/wp-content\/uploads\/2022\/10\/pexels-dajana-reA\u00a7i-13350960-1538x2048.jpg 1538w\" sizes=\"auto, (max-width: 336px) 100vw, 336px\" \/><\/figure>\n<\/div>\n\n\n<p>Ces moments peuvent parfois \u00eatre inconfortables et je vous propose de vous accompagner<strong> <\/strong>pour<strong> donner du sens <\/strong>\u00e0 ces transitions et pour <strong>permettre une travers\u00e9e plus douce<\/strong>, <strong>plus confiante<\/strong>, <strong>plus consciente<\/strong>. Mon souhait est de vous <strong>accompagner dans votre chemin de vie<\/strong> car je suis convaincue qu\u2019en trouvant et en prenant notre <strong>juste place<\/strong>, nous contribuons aussi ensemble \u00e0 <strong>l\u2019\u00e9quilibre du monde et \u00e0 sa construction positive<\/strong>.<\/p>\n\n\n\n<h2 class=\"wp-block-heading has-text-align-center has-white-background-color has-text-color has-background\" style=\"color:#f9612a\">Psychologue clinicienne sp\u00e9cialis\u00e9e en orientation et en \u00e9ducation<\/h2>\n\n\n\n<h2 class=\"wp-block-heading has-text-color\" style=\"color:#f9612a\"><strong>Pour qui&nbsp;?<\/strong><\/h2>\n\n\n\n<ul class=\"wp-block-list\">\n<li><strong>Adolescent.e.s <\/strong><\/li>\n\n\n\n<li><strong>Jeunes adultes<\/strong> <\/li>\n\n\n\n<li><strong>Adultes<\/strong><\/li>\n\n\n\n<li><strong>Seniors<\/strong><\/li>\n<\/ul>\n\n\n\n<h2 class=\"wp-block-heading has-text-color\" style=\"color:#f9612a\"><strong>Pour quoi&nbsp;?<\/strong><\/h2>\n\n\n\n<p>Je propose&nbsp;un accompagnement personnalis\u00e9 en&nbsp;:<\/p>\n\n\n\n<ul class=\"wp-block-list\">\n<li><strong>r\u00e9-orientation scolaire et professionnelle<\/strong> pour les \u00e9tudiant.e.s en secondaire et sup\u00e9rieur,<\/li>\n<\/ul>\n\n\n\n<ul class=\"wp-block-list\">\n<li><strong>re-motivation,&nbsp;confiance en soi<\/strong>&nbsp;<strong>et soutien&nbsp;dans les diff\u00e9rents sph\u00e8res de vie&nbsp;<\/strong>pour les \u00e9tudiant.e.s en secondaire et sup\u00e9rieur<\/li>\n<\/ul>\n\n\n\n<ul class=\"wp-block-list\">\n<li><strong>m\u00e9thodes de travail, coaching scolaire, sup\u00e9rieur et universitaire <\/strong>pour les \u00e9tudiant.e.s en secondaire et sup\u00e9rieur,<\/li>\n<\/ul>\n\n\n\n<ul class=\"wp-block-list\">\n<li>r\u00e9-<strong>orientation professionnelle<\/strong> pour les adultes au travail, <strong>en arr\u00eat de travail<\/strong>, en <strong>suivi de burn-out<\/strong> et <strong>reconversion professionnelle<\/strong>,<\/li>\n<\/ul>\n\n\n\n<ul class=\"wp-block-list\">\n<li><strong>bilan de carri\u00e8re<\/strong> et <strong>pr\u00e9paration \u00e0 la retraite<\/strong> pour les seniors.<\/li>\n<\/ul>\n\n\n\n<h1 class=\"wp-block-heading\">  <\/h1>\n\n\n<div class=\"wp-block-image\">\n<figure class=\"aligncenter size-large is-resized\"><img loading=\"lazy\" decoding=\"async\" src=\"http:\/\/anneverwaerde.be\/wp-content\/uploads\/2022\/10\/marguerite-6374662_1920-1-1024x681.jpg\" alt=\"\" class=\"wp-image-160\" style=\"width:499px;height:332px\" width=\"499\" height=\"332\" srcset=\"https:\/\/anneverwaerde.be\/wp-content\/uploads\/2022\/10\/marguerite-6374662_1920-1-1024x681.jpg 1024w, https:\/\/anneverwaerde.be\/wp-content\/uploads\/2022\/10\/marguerite-6374662_1920-1-300x200.jpg 300w, https:\/\/anneverwaerde.be\/wp-content\/uploads\/2022\/10\/marguerite-6374662_1920-1-768x511.jpg 768w, https:\/\/anneverwaerde.be\/wp-content\/uploads\/2022\/10\/marguerite-6374662_1920-1-1536x1022.jpg 1536w, https:\/\/anneverwaerde.be\/wp-content\/uploads\/2022\/10\/marguerite-6374662_1920-1-330x220.jpg 330w, https:\/\/anneverwaerde.be\/wp-content\/uploads\/2022\/10\/marguerite-6374662_1920-1.jpg 1920w\" sizes=\"auto, (max-width: 499px) 100vw, 499px\" \/><\/figure>\n<\/div>\n\n\n<h1 class=\"wp-block-heading\">  <\/h1>\n\n\n\n<blockquote class=\"wp-block-quote has-small-font-size is-layout-flow wp-block-quote-is-layout-flow\">\n<p class=\"has-text-align-left has-small-font-size\">Quels que soient tes vents et tes tourments, \u00e9tire-toi toujours plus haut, grandis, jour apr\u00e8s jour, d\u00e9couvre tes couleurs, \u00e9clabousse ton parfum, ne lutte point et sois enfin celui ou celle pour lequel tu es venu \u00e0 na\u00eetre. <\/p>\n\n\n\n<p class=\"has-text-align-left has-small-font-size\">Sois ta vraie nature.<\/p>\n<cite><a href=\"https:\/\/www.folisabelle.com\/\" target=\"_blank\" rel=\"noreferrer noopener\">Folisabelle<\/a><\/cite><\/blockquote>\n\n\n\n<ul class=\"wp-block-social-links is-layout-flex wp-block-social-links-is-layout-flex\"><li class=\"wp-social-link wp-social-link-facebook  wp-block-social-link\"><a href=\"https:\/\/www.facebook.com\/profile.php?id=100087777163612&#038;sk=about\" class=\"wp-block-social-link-anchor\"><svg width=\"24\" height=\"24\" viewBox=\"0 0 24 24\" version=\"1.1\" xmlns=\"http:\/\/www.w3.org\/2000\/svg\" aria-hidden=\"true\" focusable=\"false\"><path d=\"M12 2C6.5 2 2 6.5 2 12c0 5 3.7 9.1 8.4 9.9v-7H7.9V12h2.5V9.8c0-2.5 1.5-3.9 3.8-3.9 1.1 0 2.2.2 2.2.2v2.5h-1.3c-1.2 0-1.6.8-1.6 1.6V12h2.8l-.4 2.9h-2.3v7C18.3 21.1 22 17 22 12c0-5.5-4.5-10-10-10z\"><\/path><\/svg><span class=\"wp-block-social-link-label screen-reader-text\">Facebook<\/span><\/a><\/li>\n\n<li class=\"wp-social-link wp-social-link-linkedin  wp-block-social-link\"><a href=\"https:\/\/www.linkedin.com\/in\/anne-verwaerde-57644683\/\" class=\"wp-block-social-link-anchor\"><svg width=\"24\" height=\"24\" viewBox=\"0 0 24 24\" version=\"1.1\" xmlns=\"http:\/\/www.w3.org\/2000\/svg\" aria-hidden=\"true\" focusable=\"false\"><path d=\"M19.7,3H4.3C3.582,3,3,3.582,3,4.3v15.4C3,20.418,3.582,21,4.3,21h15.4c0.718,0,1.3-0.582,1.3-1.3V4.3 C21,3.582,20.418,3,19.7,3z M8.339,18.338H5.667v-8.59h2.672V18.338z M7.004,8.574c-0.857,0-1.549-0.694-1.549-1.548 c0-0.855,0.691-1.548,1.549-1.548c0.854,0,1.547,0.694,1.547,1.548C8.551,7.881,7.858,8.574,7.004,8.574z M18.339,18.338h-2.669 v-4.177c0-0.996-0.017-2.278-1.387-2.278c-1.389,0-1.601,1.086-1.601,2.206v4.249h-2.667v-8.59h2.559v1.174h0.037 c0.356-0.675,1.227-1.387,2.526-1.387c2.703,0,3.203,1.779,3.203,4.092V18.338z\"><\/path><\/svg><span class=\"wp-block-social-link-label screen-reader-text\">LinkedIn<\/span><\/a><\/li><\/ul>\n\n\n\n<p><\/p>\n","protected":false},"excerpt":{"rendered":"<p>Les transitions au c\u0153ur de mon travail&nbsp;&#8211; devenir soi et ensemble changer le monde Dans la vie personnelle comme professionnelle, les moments de transition sont nombreux, rapides et permanents&nbsp;: s\u2019adapter \u00e0 son \u00e9cole secondaire, se pr\u00e9parer aux \u00e9tudes sup\u00e9rieures ou au travail, changer de m\u00e9tier ou envisager de le concevoir autrement, quitter la vie professionnelle, [&hellip;]<\/p>\n","protected":false},"author":1,"featured_media":0,"parent":0,"menu_order":0,"comment_status":"closed","ping_status":"closed","template":"page-fullwidth.php","meta":{"footnotes":""},"class_list":["post-2","page","type-page","status-publish","hentry"],"yoast_head":"<!-- This site is optimized with the Yoast SEO plugin v19.7.1 - https:\/\/yoast.com\/wordpress\/plugins\/seo\/ -->\n<title>Bienvenue - Anne Verwaerde<\/title>\n<meta name=\"description\" content=\"Psychologue clinicienne sp\u00e9cialis\u00e9e en orientation et en \u00e9ducation install\u00e9e \u00e0 Ottignies, je propose\u00a0un accompagnement personnalis\u00e9 pour adolescent.e.s, adultes et seniors.\" \/>\n<meta name=\"robots\" content=\"index, follow, max-snippet:-1, max-image-preview:large, max-video-preview:-1\" \/>\n<link rel=\"canonical\" href=\"https:\/\/anneverwaerde.be\/\" \/>\n<meta property=\"og:locale\" content=\"fr_FR\" \/>\n<meta property=\"og:type\" content=\"article\" \/>\n<meta property=\"og:title\" content=\"Bienvenue - Anne Verwaerde\" \/>\n<meta property=\"og:description\" content=\"Psychologue clinicienne sp\u00e9cialis\u00e9e en orientation et en \u00e9ducation install\u00e9e \u00e0 Ottignies, je propose\u00a0un accompagnement personnalis\u00e9 pour adolescent.e.s, adultes et seniors.\" \/>\n<meta property=\"og:url\" content=\"https:\/\/anneverwaerde.be\/\" \/>\n<meta property=\"og:site_name\" content=\"Anne Verwaerde\" \/>\n<meta property=\"article:modified_time\" content=\"2023-09-19T17:06:14+00:00\" \/>\n<meta property=\"og:image\" content=\"http:\/\/anneverwaerde.be\/wp-content\/uploads\/2022\/10\/marguerite-6374662_1920-1-1024x681.jpg\" \/>\n<meta name=\"twitter:card\" content=\"summary_large_image\" \/>\n<meta name=\"twitter:label1\" content=\"Dur\u00e9e de lecture estim\u00e9e\" \/>\n\t<meta name=\"twitter:data1\" content=\"2 minutes\" \/>\n<script type=\"application\/ld+json\" class=\"yoast-schema-graph\">{\"@context\":\"https:\/\/schema.org\",\"@graph\":[{\"@type\":\"WebPage\",\"@id\":\"https:\/\/anneverwaerde.be\/\",\"url\":\"https:\/\/anneverwaerde.be\/\",\"name\":\"Bienvenue - Anne Verwaerde\",\"isPartOf\":{\"@id\":\"https:\/\/anneverwaerde.be\/#website\"},\"datePublished\":\"2022-09-20T19:57:37+00:00\",\"dateModified\":\"2023-09-19T17:06:14+00:00\",\"description\":\"Psychologue clinicienne sp\u00e9cialis\u00e9e en orientation et en \u00e9ducation install\u00e9e \u00e0 Ottignies, je propose\u00a0un accompagnement personnalis\u00e9 pour adolescent.e.s, adultes et seniors.\",\"breadcrumb\":{\"@id\":\"https:\/\/anneverwaerde.be\/#breadcrumb\"},\"inLanguage\":\"fr-FR\",\"potentialAction\":[{\"@type\":\"ReadAction\",\"target\":[\"https:\/\/anneverwaerde.be\/\"]}]},{\"@type\":\"BreadcrumbList\",\"@id\":\"https:\/\/anneverwaerde.be\/#breadcrumb\",\"itemListElement\":[{\"@type\":\"ListItem\",\"position\":1,\"name\":\"Accueil\",\"item\":\"https:\/\/anneverwaerde.be\/\"},{\"@type\":\"ListItem\",\"position\":2,\"name\":\"Bienvenue\"}]},{\"@type\":\"WebSite\",\"@id\":\"https:\/\/anneverwaerde.be\/#website\",\"url\":\"https:\/\/anneverwaerde.be\/\",\"name\":\"Anne Verwaerde\",\"description\":\"Psychologue clinicienne sp\u00e9cialis\u00e9e en orientation et en \u00e9ducation\",\"publisher\":{\"@id\":\"https:\/\/anneverwaerde.be\/#organization\"},\"potentialAction\":[{\"@type\":\"SearchAction\",\"target\":{\"@type\":\"EntryPoint\",\"urlTemplate\":\"https:\/\/anneverwaerde.be\/?s={search_term_string}\"},\"query-input\":\"required name=search_term_string\"}],\"inLanguage\":\"fr-FR\"},{\"@type\":\"Organization\",\"@id\":\"https:\/\/anneverwaerde.be\/#organization\",\"name\":\"Anne Verwaerde\",\"url\":\"https:\/\/anneverwaerde.be\/\",\"sameAs\":[],\"logo\":{\"@type\":\"ImageObject\",\"inLanguage\":\"fr-FR\",\"@id\":\"https:\/\/anneverwaerde.be\/#\/schema\/logo\/image\/\",\"url\":\"https:\/\/anneverwaerde.be\/wp-content\/uploads\/2022\/11\/cropped-Anne-Verwaerde.3.11.22-copie.gif\",\"contentUrl\":\"https:\/\/anneverwaerde.be\/wp-content\/uploads\/2022\/11\/cropped-Anne-Verwaerde.3.11.22-copie.gif\",\"width\":207,\"height\":200,\"caption\":\"Anne Verwaerde\"},\"image\":{\"@id\":\"https:\/\/anneverwaerde.be\/#\/schema\/logo\/image\/\"}}]}<\/script>\n<!-- \/ Yoast SEO plugin. -->","yoast_head_json":{"title":"Bienvenue - Anne Verwaerde","description":"Psychologue clinicienne sp\u00e9cialis\u00e9e en orientation et en \u00e9ducation install\u00e9e \u00e0 Ottignies, je propose\u00a0un accompagnement personnalis\u00e9 pour adolescent.e.s, adultes et seniors.","robots":{"index":"index","follow":"follow","max-snippet":"max-snippet:-1","max-image-preview":"max-image-preview:large","max-video-preview":"max-video-preview:-1"},"canonical":"https:\/\/anneverwaerde.be\/","og_locale":"fr_FR","og_type":"article","og_title":"Bienvenue - Anne Verwaerde","og_description":"Psychologue clinicienne sp\u00e9cialis\u00e9e en orientation et en \u00e9ducation install\u00e9e \u00e0 Ottignies, je propose\u00a0un accompagnement personnalis\u00e9 pour adolescent.e.s, adultes et seniors.","og_url":"https:\/\/anneverwaerde.be\/","og_site_name":"Anne Verwaerde","article_modified_time":"2023-09-19T17:06:14+00:00","og_image":[{"url":"http:\/\/anneverwaerde.be\/wp-content\/uploads\/2022\/10\/marguerite-6374662_1920-1-1024x681.jpg"}],"twitter_card":"summary_large_image","twitter_misc":{"Dur\u00e9e de lecture estim\u00e9e":"2 minutes"},"schema":{"@context":"https:\/\/schema.org","@graph":[{"@type":"WebPage","@id":"https:\/\/anneverwaerde.be\/","url":"https:\/\/anneverwaerde.be\/","name":"Bienvenue - Anne Verwaerde","isPartOf":{"@id":"https:\/\/anneverwaerde.be\/#website"},"datePublished":"2022-09-20T19:57:37+00:00","dateModified":"2023-09-19T17:06:14+00:00","description":"Psychologue clinicienne sp\u00e9cialis\u00e9e en orientation et en \u00e9ducation install\u00e9e \u00e0 Ottignies, je propose\u00a0un accompagnement personnalis\u00e9 pour adolescent.e.s, adultes et seniors.","breadcrumb":{"@id":"https:\/\/anneverwaerde.be\/#breadcrumb"},"inLanguage":"fr-FR","potentialAction":[{"@type":"ReadAction","target":["https:\/\/anneverwaerde.be\/"]}]},{"@type":"BreadcrumbList","@id":"https:\/\/anneverwaerde.be\/#breadcrumb","itemListElement":[{"@type":"ListItem","position":1,"name":"Accueil","item":"https:\/\/anneverwaerde.be\/"},{"@type":"ListItem","position":2,"name":"Bienvenue"}]},{"@type":"WebSite","@id":"https:\/\/anneverwaerde.be\/#website","url":"https:\/\/anneverwaerde.be\/","name":"Anne Verwaerde","description":"Psychologue clinicienne sp\u00e9cialis\u00e9e en orientation et en \u00e9ducation","publisher":{"@id":"https:\/\/anneverwaerde.be\/#organization"},"potentialAction":[{"@type":"SearchAction","target":{"@type":"EntryPoint","urlTemplate":"https:\/\/anneverwaerde.be\/?s={search_term_string}"},"query-input":"required name=search_term_string"}],"inLanguage":"fr-FR"},{"@type":"Organization","@id":"https:\/\/anneverwaerde.be\/#organization","name":"Anne Verwaerde","url":"https:\/\/anneverwaerde.be\/","sameAs":[],"logo":{"@type":"ImageObject","inLanguage":"fr-FR","@id":"https:\/\/anneverwaerde.be\/#\/schema\/logo\/image\/","url":"https:\/\/anneverwaerde.be\/wp-content\/uploads\/2022\/11\/cropped-Anne-Verwaerde.3.11.22-copie.gif","contentUrl":"https:\/\/anneverwaerde.be\/wp-content\/uploads\/2022\/11\/cropped-Anne-Verwaerde.3.11.22-copie.gif","width":207,"height":200,"caption":"Anne Verwaerde"},"image":{"@id":"https:\/\/anneverwaerde.be\/#\/schema\/logo\/image\/"}}]}},"_links":{"self":[{"href":"https:\/\/anneverwaerde.be\/index.php\/wp-json\/wp\/v2\/pages\/2","targetHints":{"allow":["GET"]}}],"collection":[{"href":"https:\/\/anneverwaerde.be\/index.php\/wp-json\/wp\/v2\/pages"}],"about":[{"href":"https:\/\/anneverwaerde.be\/index.php\/wp-json\/wp\/v2\/types\/page"}],"author":[{"embeddable":true,"href":"https:\/\/anneverwaerde.be\/index.php\/wp-json\/wp\/v2\/users\/1"}],"replies":[{"embeddable":true,"href":"https:\/\/anneverwaerde.be\/index.php\/wp-json\/wp\/v2\/comments?post=2"}],"version-history":[{"count":59,"href":"https:\/\/anneverwaerde.be\/index.php\/wp-json\/wp\/v2\/pages\/2\/revisions"}],"predecessor-version":[{"id":434,"href":"https:\/\/anneverwaerde.be\/index.php\/wp-json\/wp\/v2\/pages\/2\/revisions\/434"}],"wp:attachment":[{"href":"https:\/\/anneverwaerde.be\/index.php\/wp-json\/wp\/v2\/media?parent=2"}],"curies":[{"name":"wp","href":"https:\/\/api.w.org\/{rel}","templated":true}]}}