{"id":12,"date":"2022-09-28T09:57:38","date_gmt":"2022-09-28T07:57:38","guid":{"rendered":"http:\/\/anneverwaerde.be\/?page_id=12"},"modified":"2023-09-19T18:42:23","modified_gmt":"2023-09-19T16:42:23","slug":"ma-methode","status":"publish","type":"page","link":"https:\/\/anneverwaerde.be\/index.php\/ma-methode\/","title":{"rendered":"Ma m\u00e9thode"},"content":{"rendered":"\n<h3 class=\"wp-block-heading has-text-color\" style=\"color:#f9612a\"><strong>Amener de la profondeur, du positif, du dynamisme et du mouvement<\/strong><\/h3>\n\n\n\n<p>Pour accompagner &nbsp;\u2014 dans un espace-temps confidentiel \u2014 chaque personne de l\u00e0 o\u00f9 elle est vers l\u00e0 o\u00f9 elle a envie d\u2019\u00eatre, <strong>je privil\u00e9gie l\u2019\u00e9coute, l\u2019\u00e9change et le questionnement<\/strong>, tout en \u00e9tant attentive \u00e0 prendre la personne dans la globalit\u00e9 de sa vie (sant\u00e9, sommeil, corps, \u00e9motions, environnement familial et social\u2026).<\/p>\n\n\n\n<p><strong>La question du&nbsp;sens<\/strong>&nbsp;est pr\u00e9pond\u00e9rante dans ma pratique&nbsp;: quel sens je souhaite donner \u00e0 ma vie&nbsp;? Comment mon projet d\u2019\u00e9tudes, mon m\u00e9tier ou mon souhait de me r\u00e9orienter entre-t-il <strong>en r\u00e9sonance<\/strong>, en congruence avec ce sens&nbsp;plus global de la vie que je veux ou que j\u2019essaie de mener dans le cadre plus vaste de mon environnement (lieu de vie, famille, \u00e9cole, travail, ami.e.s&#8230;) ? <\/p>\n\n\n\n<p>Je propose pour aborder ces questions un&nbsp;<strong>processus dynamique et pragmatique<\/strong>, qui impliquera aussi un investissement personnel entre les s\u00e9ances.<\/p>\n\n\n\n<p>Je propose \u00e9galement des outils adapt\u00e9s \u00e0 chaque parcours.<\/p>\n\n\n<div class=\"wp-block-image\">\n<figure class=\"aligncenter size-large is-resized\"><img loading=\"lazy\" decoding=\"async\" src=\"http:\/\/anneverwaerde.be\/wp-content\/uploads\/2022\/10\/heaven-4850411_1920-1-1024x683.jpg\" alt=\"\" class=\"wp-image-159\" style=\"width:500px;height:324px\" width=\"500\" height=\"324\"\/><\/figure>\n<\/div>\n\n\n<h3 class=\"wp-block-heading has-text-color\" style=\"color:#f9612a\">En Orientation scolaire et professionnelle<\/h3>\n\n\n\n<p>Gr\u00e2ce \u00e0 des&nbsp;<strong>outils vari\u00e9s et personnalis\u00e9s&nbsp;<\/strong>(questionnaires d\u2019int\u00e9r\u00eats, exploration des environnements professionnels, questionnaires de personnalit\u00e9s, de valeurs, outils cr\u00e9atifs et intuitifs, etc.), je vous aide \u00e0 d\u2019abord \u00e0 trouver ou retrouver vos motivations profondes et aspirations personnelles. Une meilleure connaissance de votre <strong>sph\u00e8re personnelle (<\/strong>personnalit\u00e9, forces, int\u00e9r\u00eats, atouts, comp\u00e9tences, potentialit\u00e9s, histoire familiale, ressources\u2026) constitue une \u00e9tape essentielle de votre processus d\u2019orientation.<\/p>\n\n\n\n<p>Ces d\u00e9couvertes sont ensuite mises en lien de mani\u00e8re approfondie avec la&nbsp;<strong>sph\u00e8re des formations<\/strong>&nbsp;(types de formations, exigences acad\u00e9miques, scolaires, \u2026) et la&nbsp;<strong>sph\u00e8re des professions<\/strong>&nbsp;(environnements de travail, secteurs professionnels, \u00e9volutions du monde du travail, \u2026).<\/p>\n\n\n<div class=\"wp-block-image\">\n<figure class=\"aligncenter size-large is-resized\"><img loading=\"lazy\" decoding=\"async\" src=\"http:\/\/anneverwaerde.be\/wp-content\/uploads\/2022\/11\/ali-kazal-UU69D-_nwPI-unsplash-1024x640.jpg\" alt=\"\" class=\"wp-image-319\" style=\"width:500px;height:312px\" width=\"500\" height=\"312\" srcset=\"https:\/\/anneverwaerde.be\/wp-content\/uploads\/2022\/11\/ali-kazal-UU69D-_nwPI-unsplash-1024x640.jpg 1024w, https:\/\/anneverwaerde.be\/wp-content\/uploads\/2022\/11\/ali-kazal-UU69D-_nwPI-unsplash-300x188.jpg 300w, https:\/\/anneverwaerde.be\/wp-content\/uploads\/2022\/11\/ali-kazal-UU69D-_nwPI-unsplash-768x480.jpg 768w, https:\/\/anneverwaerde.be\/wp-content\/uploads\/2022\/11\/ali-kazal-UU69D-_nwPI-unsplash-1536x960.jpg 1536w, https:\/\/anneverwaerde.be\/wp-content\/uploads\/2022\/11\/ali-kazal-UU69D-_nwPI-unsplash-2048x1280.jpg 2048w\" sizes=\"auto, (max-width: 500px) 100vw, 500px\" \/><\/figure>\n<\/div>\n\n\n<h3 class=\"wp-block-heading has-text-color\" style=\"color:#f9612a\">En M\u00e9thodes de travail<\/h3>\n\n\n\n<p>En&nbsp;<strong>m\u00e9thodologie<\/strong>&nbsp;<strong>et coaching scolaire<\/strong>, je vous aide d\u2019abord \u00e0 mieux comprendre votre parcours scolaire et d\u2019apprentissage, \u00e0 cerner vos forces et vos limites et \u00e0 d\u00e9passer vos difficult\u00e9s.<\/p>\n\n\n\n<p>Je vous propose ensuite diff\u00e9rents outils pour, en lien avec vos propres ressources et \u00e0 votre rythme, atteindre vos objectifs : m\u00e9thodes d\u2019apprentissage, organisation du temps, motivation, gestion du stress, concentration, prise de parole en public, pr\u00e9paration aux concours et examens d\u2019entr\u00e9e, etc.<\/p>\n\n\n\n<p>Bien s\u00fbr, je n\u2019ai pas de baguette magique&nbsp;: chaque jeune adolescent ou adulte est responsable de son \u00e9volution, mais l\u2019accompagnement scolaire et acad\u00e9mique, adapt\u00e9 \u00e0 chacun et chacune, peut permettre de&nbsp;<strong>gagner en confiance, en motivation et en engagement dans ses \u00e9tudes<\/strong>.<\/p>\n\n\n<div class=\"wp-block-image\">\n<figure class=\"aligncenter size-large is-resized\"><img loading=\"lazy\" decoding=\"async\" src=\"http:\/\/anneverwaerde.be\/wp-content\/uploads\/2022\/11\/pexels-cottonbro-5185074-1024x683.jpg\" alt=\"\" class=\"wp-image-226\" style=\"width:501px;height:334px\" width=\"501\" height=\"334\" srcset=\"https:\/\/anneverwaerde.be\/wp-content\/uploads\/2022\/11\/pexels-cottonbro-5185074-1024x683.jpg 1024w, https:\/\/anneverwaerde.be\/wp-content\/uploads\/2022\/11\/pexels-cottonbro-5185074-300x200.jpg 300w, https:\/\/anneverwaerde.be\/wp-content\/uploads\/2022\/11\/pexels-cottonbro-5185074-768x512.jpg 768w, https:\/\/anneverwaerde.be\/wp-content\/uploads\/2022\/11\/pexels-cottonbro-5185074-1536x1024.jpg 1536w, https:\/\/anneverwaerde.be\/wp-content\/uploads\/2022\/11\/pexels-cottonbro-5185074-2048x1365.jpg 2048w, https:\/\/anneverwaerde.be\/wp-content\/uploads\/2022\/11\/pexels-cottonbro-5185074-330x220.jpg 330w\" sizes=\"auto, (max-width: 501px) 100vw, 501px\" \/><\/figure>\n<\/div>\n\n\n<h3 class=\"wp-block-heading has-text-color\" style=\"color:#f9612a\">Mes outils&nbsp;<\/h3>\n\n\n\n<p>Chaque accompagnement est unique et je vais, en fonction de la personne, puiser dans mon r\u00e9servoir de ressources ce qui va faire le plus sens au moment m\u00eame.<\/p>\n\n\n\n<p>Parmi les outils que je privil\u00e9gie et auxquels je me suis form\u00e9e :<\/p>\n\n\n\n<ul class=\"wp-block-list\">\n<li><a href=\"https:\/\/lexplorama.fr\/\" target=\"_blank\" rel=\"noreferrer noopener\">Explorama<\/a><\/li>\n\n\n\n<li><a href=\"https:\/\/fr.wikipedia.org\/wiki\/Mod%C3%A8le_RIASEC#:~:text=Le%20mod%C3%A8le%20RIASEC%20ou%20code,lien%20avec%20les%20int%C3%A9r%C3%AAts%20professionnels.\" target=\"_blank\" rel=\"noreferrer noopener\">RIASEC<\/a><\/li>\n\n\n\n<li>R\u00e9cits de vie<\/li>\n\n\n\n<li><a href=\"https:\/\/fr.wikipedia.org\/wiki\/Ikigai\" target=\"_blank\" rel=\"noreferrer noopener\">Ikiga\u00ef<\/a><\/li>\n\n\n\n<li>Orientation positive<\/li>\n\n\n\n<li>Arbre de vie<\/li>\n\n\n\n<li>Organisation du temps<\/li>\n\n\n\n<li>Gestion du stress<\/li>\n\n\n\n<li>Accompagnement des deuils avec le journal cr\u00e9atif<\/li>\n\n\n\n<li>Accompagnement du burn-out avec le journal cr\u00e9atif<\/li>\n<\/ul>\n\n\n<div class=\"wp-block-image\">\n<figure class=\"aligncenter size-full is-resized\"><img loading=\"lazy\" decoding=\"async\" src=\"http:\/\/anneverwaerde.be\/wp-content\/uploads\/2023\/09\/pexels-anastasia-shuraeva-9607048.jpeg\" alt=\"\" class=\"wp-image-423\" style=\"width:500px;height:334px\" width=\"500\" height=\"334\" srcset=\"https:\/\/anneverwaerde.be\/wp-content\/uploads\/2023\/09\/pexels-anastasia-shuraeva-9607048.jpeg 640w, https:\/\/anneverwaerde.be\/wp-content\/uploads\/2023\/09\/pexels-anastasia-shuraeva-9607048-300x200.jpeg 300w, https:\/\/anneverwaerde.be\/wp-content\/uploads\/2023\/09\/pexels-anastasia-shuraeva-9607048-330x220.jpeg 330w\" sizes=\"auto, (max-width: 500px) 100vw, 500px\" \/><\/figure>\n<\/div>\n\n\n<ul class=\"wp-block-social-links is-layout-flex wp-block-social-links-is-layout-flex\"><li class=\"wp-social-link wp-social-link-facebook  wp-block-social-link\"><a href=\"https:\/\/www.facebook.com\/profile.php?id=100087777163612&#038;sk=about\" class=\"wp-block-social-link-anchor\"><svg width=\"24\" height=\"24\" viewBox=\"0 0 24 24\" version=\"1.1\" xmlns=\"http:\/\/www.w3.org\/2000\/svg\" aria-hidden=\"true\" focusable=\"false\"><path d=\"M12 2C6.5 2 2 6.5 2 12c0 5 3.7 9.1 8.4 9.9v-7H7.9V12h2.5V9.8c0-2.5 1.5-3.9 3.8-3.9 1.1 0 2.2.2 2.2.2v2.5h-1.3c-1.2 0-1.6.8-1.6 1.6V12h2.8l-.4 2.9h-2.3v7C18.3 21.1 22 17 22 12c0-5.5-4.5-10-10-10z\"><\/path><\/svg><span class=\"wp-block-social-link-label screen-reader-text\">Facebook<\/span><\/a><\/li>\n\n<li class=\"wp-social-link wp-social-link-linkedin  wp-block-social-link\"><a href=\"https:\/\/www.linkedin.com\/in\/anne-verwaerde-57644683\/\" class=\"wp-block-social-link-anchor\"><svg width=\"24\" height=\"24\" viewBox=\"0 0 24 24\" version=\"1.1\" xmlns=\"http:\/\/www.w3.org\/2000\/svg\" aria-hidden=\"true\" focusable=\"false\"><path d=\"M19.7,3H4.3C3.582,3,3,3.582,3,4.3v15.4C3,20.418,3.582,21,4.3,21h15.4c0.718,0,1.3-0.582,1.3-1.3V4.3 C21,3.582,20.418,3,19.7,3z M8.339,18.338H5.667v-8.59h2.672V18.338z M7.004,8.574c-0.857,0-1.549-0.694-1.549-1.548 c0-0.855,0.691-1.548,1.549-1.548c0.854,0,1.547,0.694,1.547,1.548C8.551,7.881,7.858,8.574,7.004,8.574z M18.339,18.338h-2.669 v-4.177c0-0.996-0.017-2.278-1.387-2.278c-1.389,0-1.601,1.086-1.601,2.206v4.249h-2.667v-8.59h2.559v1.174h0.037 c0.356-0.675,1.227-1.387,2.526-1.387c2.703,0,3.203,1.779,3.203,4.092V18.338z\"><\/path><\/svg><span class=\"wp-block-social-link-label screen-reader-text\">LinkedIn<\/span><\/a><\/li><\/ul>\n","protected":false},"excerpt":{"rendered":"<p>Amener de la profondeur, du positif, du dynamisme et du mouvement Pour accompagner &nbsp;\u2014 dans un espace-temps confidentiel \u2014 chaque personne de l\u00e0 o\u00f9 elle est vers l\u00e0 o\u00f9 elle a envie d\u2019\u00eatre, je privil\u00e9gie l\u2019\u00e9coute, l\u2019\u00e9change et le questionnement, tout en \u00e9tant attentive \u00e0 prendre la personne dans la globalit\u00e9 de sa vie (sant\u00e9, [&hellip;]<\/p>\n","protected":false},"author":1,"featured_media":0,"parent":0,"menu_order":1,"comment_status":"closed","ping_status":"closed","template":"","meta":{"footnotes":""},"class_list":["post-12","page","type-page","status-publish","hentry"],"yoast_head":"<!-- This site is optimized with the Yoast SEO plugin v19.7.1 - https:\/\/yoast.com\/wordpress\/plugins\/seo\/ -->\n<title>Ma m\u00e9thode - Anne Verwaerde<\/title>\n<meta name=\"description\" content=\"L\u2019accompagnement scolaire et acad\u00e9mique peut permettre de\u00a0gagner en confiance, en motivation et en engagement dans ses \u00e9tudes.\" \/>\n<meta name=\"robots\" content=\"index, follow, max-snippet:-1, max-image-preview:large, max-video-preview:-1\" \/>\n<link rel=\"canonical\" href=\"http:\/\/anneverwaerde.be\/index.php\/ma-methode\/\" \/>\n<meta property=\"og:locale\" content=\"fr_FR\" \/>\n<meta property=\"og:type\" content=\"article\" \/>\n<meta property=\"og:title\" content=\"Ma m\u00e9thode - Anne Verwaerde\" \/>\n<meta property=\"og:description\" content=\"L\u2019accompagnement scolaire et acad\u00e9mique peut permettre de\u00a0gagner en confiance, en motivation et en engagement dans ses \u00e9tudes.\" \/>\n<meta property=\"og:url\" content=\"http:\/\/anneverwaerde.be\/index.php\/ma-methode\/\" \/>\n<meta property=\"og:site_name\" content=\"Anne Verwaerde\" \/>\n<meta property=\"article:modified_time\" content=\"2023-09-19T16:42:23+00:00\" \/>\n<meta property=\"og:image\" content=\"http:\/\/anneverwaerde.be\/wp-content\/uploads\/2022\/10\/heaven-4850411_1920-1-1024x683.jpg\" \/>\n<meta name=\"twitter:card\" content=\"summary_large_image\" \/>\n<meta name=\"twitter:label1\" content=\"Dur\u00e9e de lecture estim\u00e9e\" \/>\n\t<meta name=\"twitter:data1\" content=\"4 minutes\" \/>\n<script type=\"application\/ld+json\" class=\"yoast-schema-graph\">{\"@context\":\"https:\/\/schema.org\",\"@graph\":[{\"@type\":\"WebPage\",\"@id\":\"http:\/\/anneverwaerde.be\/index.php\/ma-methode\/\",\"url\":\"http:\/\/anneverwaerde.be\/index.php\/ma-methode\/\",\"name\":\"Ma m\u00e9thode - Anne Verwaerde\",\"isPartOf\":{\"@id\":\"https:\/\/anneverwaerde.be\/#website\"},\"datePublished\":\"2022-09-28T07:57:38+00:00\",\"dateModified\":\"2023-09-19T16:42:23+00:00\",\"description\":\"L\u2019accompagnement scolaire et acad\u00e9mique peut permettre de\u00a0gagner en confiance, en motivation et en engagement dans ses \u00e9tudes.\",\"breadcrumb\":{\"@id\":\"http:\/\/anneverwaerde.be\/index.php\/ma-methode\/#breadcrumb\"},\"inLanguage\":\"fr-FR\",\"potentialAction\":[{\"@type\":\"ReadAction\",\"target\":[\"http:\/\/anneverwaerde.be\/index.php\/ma-methode\/\"]}]},{\"@type\":\"BreadcrumbList\",\"@id\":\"http:\/\/anneverwaerde.be\/index.php\/ma-methode\/#breadcrumb\",\"itemListElement\":[{\"@type\":\"ListItem\",\"position\":1,\"name\":\"Accueil\",\"item\":\"https:\/\/anneverwaerde.be\/\"},{\"@type\":\"ListItem\",\"position\":2,\"name\":\"Ma m\u00e9thode\"}]},{\"@type\":\"WebSite\",\"@id\":\"https:\/\/anneverwaerde.be\/#website\",\"url\":\"https:\/\/anneverwaerde.be\/\",\"name\":\"Anne Verwaerde\",\"description\":\"Psychologue clinicienne sp\u00e9cialis\u00e9e en orientation et en \u00e9ducation\",\"publisher\":{\"@id\":\"https:\/\/anneverwaerde.be\/#organization\"},\"potentialAction\":[{\"@type\":\"SearchAction\",\"target\":{\"@type\":\"EntryPoint\",\"urlTemplate\":\"https:\/\/anneverwaerde.be\/?s={search_term_string}\"},\"query-input\":\"required name=search_term_string\"}],\"inLanguage\":\"fr-FR\"},{\"@type\":\"Organization\",\"@id\":\"https:\/\/anneverwaerde.be\/#organization\",\"name\":\"Anne Verwaerde\",\"url\":\"https:\/\/anneverwaerde.be\/\",\"sameAs\":[],\"logo\":{\"@type\":\"ImageObject\",\"inLanguage\":\"fr-FR\",\"@id\":\"https:\/\/anneverwaerde.be\/#\/schema\/logo\/image\/\",\"url\":\"https:\/\/anneverwaerde.be\/wp-content\/uploads\/2022\/11\/cropped-Anne-Verwaerde.3.11.22-copie.gif\",\"contentUrl\":\"https:\/\/anneverwaerde.be\/wp-content\/uploads\/2022\/11\/cropped-Anne-Verwaerde.3.11.22-copie.gif\",\"width\":207,\"height\":200,\"caption\":\"Anne Verwaerde\"},\"image\":{\"@id\":\"https:\/\/anneverwaerde.be\/#\/schema\/logo\/image\/\"}}]}<\/script>\n<!-- \/ Yoast SEO plugin. -->","yoast_head_json":{"title":"Ma m\u00e9thode - Anne Verwaerde","description":"L\u2019accompagnement scolaire et acad\u00e9mique peut permettre de\u00a0gagner en confiance, en motivation et en engagement dans ses \u00e9tudes.","robots":{"index":"index","follow":"follow","max-snippet":"max-snippet:-1","max-image-preview":"max-image-preview:large","max-video-preview":"max-video-preview:-1"},"canonical":"http:\/\/anneverwaerde.be\/index.php\/ma-methode\/","og_locale":"fr_FR","og_type":"article","og_title":"Ma m\u00e9thode - Anne Verwaerde","og_description":"L\u2019accompagnement scolaire et acad\u00e9mique peut permettre de\u00a0gagner en confiance, en motivation et en engagement dans ses \u00e9tudes.","og_url":"http:\/\/anneverwaerde.be\/index.php\/ma-methode\/","og_site_name":"Anne Verwaerde","article_modified_time":"2023-09-19T16:42:23+00:00","og_image":[{"url":"http:\/\/anneverwaerde.be\/wp-content\/uploads\/2022\/10\/heaven-4850411_1920-1-1024x683.jpg"}],"twitter_card":"summary_large_image","twitter_misc":{"Dur\u00e9e de lecture estim\u00e9e":"4 minutes"},"schema":{"@context":"https:\/\/schema.org","@graph":[{"@type":"WebPage","@id":"http:\/\/anneverwaerde.be\/index.php\/ma-methode\/","url":"http:\/\/anneverwaerde.be\/index.php\/ma-methode\/","name":"Ma m\u00e9thode - Anne Verwaerde","isPartOf":{"@id":"https:\/\/anneverwaerde.be\/#website"},"datePublished":"2022-09-28T07:57:38+00:00","dateModified":"2023-09-19T16:42:23+00:00","description":"L\u2019accompagnement scolaire et acad\u00e9mique peut permettre de\u00a0gagner en confiance, en motivation et en engagement dans ses \u00e9tudes.","breadcrumb":{"@id":"http:\/\/anneverwaerde.be\/index.php\/ma-methode\/#breadcrumb"},"inLanguage":"fr-FR","potentialAction":[{"@type":"ReadAction","target":["http:\/\/anneverwaerde.be\/index.php\/ma-methode\/"]}]},{"@type":"BreadcrumbList","@id":"http:\/\/anneverwaerde.be\/index.php\/ma-methode\/#breadcrumb","itemListElement":[{"@type":"ListItem","position":1,"name":"Accueil","item":"https:\/\/anneverwaerde.be\/"},{"@type":"ListItem","position":2,"name":"Ma m\u00e9thode"}]},{"@type":"WebSite","@id":"https:\/\/anneverwaerde.be\/#website","url":"https:\/\/anneverwaerde.be\/","name":"Anne Verwaerde","description":"Psychologue clinicienne sp\u00e9cialis\u00e9e en orientation et en \u00e9ducation","publisher":{"@id":"https:\/\/anneverwaerde.be\/#organization"},"potentialAction":[{"@type":"SearchAction","target":{"@type":"EntryPoint","urlTemplate":"https:\/\/anneverwaerde.be\/?s={search_term_string}"},"query-input":"required name=search_term_string"}],"inLanguage":"fr-FR"},{"@type":"Organization","@id":"https:\/\/anneverwaerde.be\/#organization","name":"Anne Verwaerde","url":"https:\/\/anneverwaerde.be\/","sameAs":[],"logo":{"@type":"ImageObject","inLanguage":"fr-FR","@id":"https:\/\/anneverwaerde.be\/#\/schema\/logo\/image\/","url":"https:\/\/anneverwaerde.be\/wp-content\/uploads\/2022\/11\/cropped-Anne-Verwaerde.3.11.22-copie.gif","contentUrl":"https:\/\/anneverwaerde.be\/wp-content\/uploads\/2022\/11\/cropped-Anne-Verwaerde.3.11.22-copie.gif","width":207,"height":200,"caption":"Anne Verwaerde"},"image":{"@id":"https:\/\/anneverwaerde.be\/#\/schema\/logo\/image\/"}}]}},"_links":{"self":[{"href":"https:\/\/anneverwaerde.be\/index.php\/wp-json\/wp\/v2\/pages\/12","targetHints":{"allow":["GET"]}}],"collection":[{"href":"https:\/\/anneverwaerde.be\/index.php\/wp-json\/wp\/v2\/pages"}],"about":[{"href":"https:\/\/anneverwaerde.be\/index.php\/wp-json\/wp\/v2\/types\/page"}],"author":[{"embeddable":true,"href":"https:\/\/anneverwaerde.be\/index.php\/wp-json\/wp\/v2\/users\/1"}],"replies":[{"embeddable":true,"href":"https:\/\/anneverwaerde.be\/index.php\/wp-json\/wp\/v2\/comments?post=12"}],"version-history":[{"count":45,"href":"https:\/\/anneverwaerde.be\/index.php\/wp-json\/wp\/v2\/pages\/12\/revisions"}],"predecessor-version":[{"id":425,"href":"https:\/\/anneverwaerde.be\/index.php\/wp-json\/wp\/v2\/pages\/12\/revisions\/425"}],"wp:attachment":[{"href":"https:\/\/anneverwaerde.be\/index.php\/wp-json\/wp\/v2\/media?parent=12"}],"curies":[{"name":"wp","href":"https:\/\/api.w.org\/{rel}","templated":true}]}}